{"id":446,"date":"2024-06-02T14:06:32","date_gmt":"2024-06-02T14:06:32","guid":{"rendered":"http:\/\/www.ibrahimcolak.com.tr\/?page_id=446"},"modified":"2025-01-21T18:32:52","modified_gmt":"2025-01-21T18:32:52","slug":"kitap-bolumleri","status":"publish","type":"page","link":"https:\/\/www.ibrahimcolak.com.tr\/?page_id=446","title":{"rendered":"Kitap b\u00f6l\u00fcmleri"},"content":{"rendered":"<p><b>1. \u00c7olak, \u0130. <\/b>(2024). E\u011fitim \u00f6rg\u00fctlerinde yap\u0131 ve davran\u0131\u015f. H. Kasapo\u011flu Tankutay (Ed.),\u00a0<i>E\u011fitim Y\u00f6netimine Giri\u015f\u00a0<\/i>i\u00e7inde (s. 155-194). Ankara: E\u011fiten Kitap.<\/p>\n<p><strong>2. \u00c7olak, \u0130.<\/strong> ve Yorulmaz, Y. \u0130. (2023). Giri\u015fimci \u00fcniversitelerin geli\u015fim s\u00fcreci ve de\u011ferlendirilmesi. F. Nay\u0131r (Ed.), <em>E\u011fitimde Disiplinleraras\u0131 Ara\u015ft\u0131rmalar<\/em> i\u00e7inde (s. 53-70). Ankara: An\u0131 Yay\u0131nc\u0131l\u0131k. e-ISBN: 978-605-170-892-8<\/p>\n<p><strong>3.\u00a0<\/strong>Yorulmaz, Y. \u0130., <strong>\u00c7olak, \u0130.<\/strong>\u00a0 ve Alt\u0131nkurt, Y. (2022). T\u00fcrkiye\u2019de e\u011fitim \u00f6rg\u00fctlerinde \u00f6rg\u00fctsel muhalefet konusunda yap\u0131lan \u00e7al\u0131\u015fmalara ili\u015fkin bir meta de\u011ferlendirme. F. Nay\u0131r ve \u015e. Poyrazl\u0131 (Ed.), <em>E\u011fitim Bilimlerinde G\u00fcncel Ara\u015ft\u0131rmalar<\/em> i\u00e7inde (s. 132-156). Ankara: An\u0131 Yay\u0131nc\u0131l\u0131k. ISBN: 978-605-170-774-7<\/p>\n<p><strong>4.<\/strong>\u00a0 Alt\u0131nkurt, Y., <strong>\u00c7olak, \u0130.<\/strong> ve Yorulmaz, Y. \u0130. (2021). \u00d6rg\u00fctsel sessizlik. H. B. Memduho\u011flu ve K. Y\u0131lmaz (Ed.), <em>Psiko-Sosyal Y\u00f6nleriyle Y\u00f6netim<\/em> i\u00e7inde (s. 451-472). Ankara: Pegem Akademi. ISBN: 978-625-8044-18-8<\/p>\n<p><strong>5.<\/strong>\u00a0 Alt\u0131nkurt, Y., Yorulmaz, Y. \u0130. ve <strong>\u00c7olak, \u0130.<\/strong> (2018). Ele\u015ftirel kuram ve e\u011fitim y\u00f6netimine yans\u0131malar\u0131 K. Y\u0131lmaz ve K. Demir (Ed.), <em>Y\u00f6netim ve E\u011fitim Y\u00f6netimi Kuramlar\u0131 <\/em>i\u00e7inde (s. 563-590). Ankara: Pegem Akademi. ISBN: 978-605-241-279-4<\/p>\n<p><strong>6.<\/strong>\u00a0 Alt\u0131nkurt, Y., Yorulmaz, Y. \u0130. ve <strong>\u00c7olak, \u0130.<\/strong>\u00a0 (2018). E\u011fitim y\u00f6netiminde do\u011fal tutarl\u0131l\u0131k kuram\u0131. K. Y\u0131lmaz ve K. Demir (Ed.), <em>Y\u00f6netim ve E\u011fitim Y\u00f6netimi Kuramlar\u0131<\/em> i\u00e7inde (s. 591-606). Ankara: Pegem Akademi. ISBN: 978-605-241-279-4<\/p>\n<p><strong>7.<\/strong>\u00a0 Balkaya, \u015e., Yorulmaz, Y.\u0130., <strong>\u00c7olak, \u0130.<\/strong> ve Alt\u0131nkurt, Y. (2016). Farkl\u0131 \u00e7al\u0131\u015fan tipindeki \u00f6\u011fretim elemanlar\u0131n\u0131n i\u015fkoliklik e\u011filimleri ve t\u00fckenmi\u015flik d\u00fczeyleri (Mu\u011fla S\u0131tk\u0131 Ko\u00e7man \u00dcniversitesi \u00f6rne\u011fi). K. Beycio\u011flu, N. \u00d6zer, D. Ko\u015far ve \u0130. \u015eahin (Ed.), <em>E\u011fitim Y\u00f6netimi Ara\u015ft\u0131rmalar\u0131<\/em> i\u00e7inde (s. 34-48). Ankara: Pegem Akademi. e-ISBN: 978-605-318-393-8<\/p>\n","protected":false},"excerpt":{"rendered":"<p>1. \u00c7olak, \u0130. (2024). E\u011fitim \u00f6rg\u00fctlerinde yap\u0131 ve davran\u0131\u015f. H. Kasapo\u011flu Tankutay (Ed.),\u00a0E\u011fitim Y\u00f6netimine Giri\u015f\u00a0i\u00e7inde (s. 155-194). Ankara: E\u011fiten Kitap. 2. \u00c7olak, \u0130. ve Yorulmaz, Y. \u0130. (2023). Giri\u015fimci \u00fcniversitelerin geli\u015fim s\u00fcreci ve de\u011ferlendirilmesi. F. Nay\u0131r (Ed.), E\u011fitimde Disiplinleraras\u0131 Ara\u015ft\u0131rmalar i\u00e7inde (s. 53-70). Ankara: An\u0131 Yay\u0131nc\u0131l\u0131k. e-ISBN: 978-605-170-892-8 3.\u00a0Yorulmaz, Y. \u0130., \u00c7olak, \u0130.\u00a0 ve Alt\u0131nkurt, [&hellip;]<\/p>\n","protected":false},"author":1,"featured_media":0,"parent":0,"menu_order":0,"comment_status":"closed","ping_status":"closed","template":"","meta":{"site-sidebar-layout":"default","site-content-layout":"","ast-site-content-layout":"default","site-content-style":"default","site-sidebar-style":"default","ast-global-header-display":"","ast-banner-title-visibility":"","ast-main-header-display":"","ast-hfb-above-header-display":"","ast-hfb-below-header-display":"","ast-hfb-mobile-header-display":"","site-post-title":"","ast-breadcrumbs-content":"","ast-featured-img":"","footer-sml-layout":"","theme-transparent-header-meta":"default","adv-header-id-meta":"","stick-header-meta":"","header-above-stick-meta":"","header-main-stick-meta":"","header-below-stick-meta":"","astra-migrate-meta-layouts":"set","ast-page-background-enabled":"default","ast-page-background-meta":{"desktop":{"background-color":"var(--ast-global-color-4)","background-image":"","background-repeat":"repeat","background-position":"center center","background-size":"auto","background-attachment":"scroll","background-type":"","background-media":"","overlay-type":"","overlay-color":"","overlay-opacity":"","overlay-gradient":""},"tablet":{"background-color":"","background-image":"","background-repeat":"repeat","background-position":"center center","background-size":"auto","background-attachment":"scroll","background-type":"","background-media":"","overlay-type":"","overlay-color":"","overlay-opacity":"","overlay-gradient":""},"mobile":{"background-color":"","background-image":"","background-repeat":"repeat","background-position":"center center","background-size":"auto","background-attachment":"scroll","background-type":"","background-media":"","overlay-type":"","overlay-color":"","overlay-opacity":"","overlay-gradient":""}},"ast-content-background-meta":{"desktop":{"background-color":"var(--ast-global-color-5)","background-image":"","background-repeat":"repeat","background-position":"center center","background-size":"auto","background-attachment":"scroll","background-type":"","background-media":"","overlay-type":"","overlay-color":"","overlay-opacity":"","overlay-gradient":""},"tablet":{"background-color":"var(--ast-global-color-5)","background-image":"","background-repeat":"repeat","background-position":"center center","background-size":"auto","background-attachment":"scroll","background-type":"","background-media":"","overlay-type":"","overlay-color":"","overlay-opacity":"","overlay-gradient":""},"mobile":{"background-color":"var(--ast-global-color-5)","background-image":"","background-repeat":"repeat","background-position":"center center","background-size":"auto","background-attachment":"scroll","background-type":"","background-media":"","overlay-type":"","overlay-color":"","overlay-opacity":"","overlay-gradient":""}},"footnotes":""},"class_list":["post-446","page","type-page","status-publish","hentry"],"_links":{"self":[{"href":"https:\/\/www.ibrahimcolak.com.tr\/index.php?rest_route=\/wp\/v2\/pages\/446","targetHints":{"allow":["GET"]}}],"collection":[{"href":"https:\/\/www.ibrahimcolak.com.tr\/index.php?rest_route=\/wp\/v2\/pages"}],"about":[{"href":"https:\/\/www.ibrahimcolak.com.tr\/index.php?rest_route=\/wp\/v2\/types\/page"}],"author":[{"embeddable":true,"href":"https:\/\/www.ibrahimcolak.com.tr\/index.php?rest_route=\/wp\/v2\/users\/1"}],"replies":[{"embeddable":true,"href":"https:\/\/www.ibrahimcolak.com.tr\/index.php?rest_route=%2Fwp%2Fv2%2Fcomments&post=446"}],"version-history":[{"count":5,"href":"https:\/\/www.ibrahimcolak.com.tr\/index.php?rest_route=\/wp\/v2\/pages\/446\/revisions"}],"predecessor-version":[{"id":848,"href":"https:\/\/www.ibrahimcolak.com.tr\/index.php?rest_route=\/wp\/v2\/pages\/446\/revisions\/848"}],"wp:attachment":[{"href":"https:\/\/www.ibrahimcolak.com.tr\/index.php?rest_route=%2Fwp%2Fv2%2Fmedia&parent=446"}],"curies":[{"name":"wp","href":"https:\/\/api.w.org\/{rel}","templated":true}]}}