{"id":464,"date":"2024-06-02T15:00:32","date_gmt":"2024-06-02T15:00:32","guid":{"rendered":"http:\/\/www.ibrahimcolak.com.tr\/?page_id=464"},"modified":"2024-06-02T15:01:14","modified_gmt":"2024-06-02T15:01:14","slug":"tam-metin-bildiriler","status":"publish","type":"page","link":"https:\/\/www.ibrahimcolak.com.tr\/?page_id=464","title":{"rendered":"Tam metin bildiriler"},"content":{"rendered":"<p><strong>1. \u00c7olak, \u0130<\/strong>., Aysel, \u0130., Yorulmaz, Y. \u0130., &amp; Alt\u0131nkurt, Y. (2021). Orta\u00f6\u011fretimde neoliberal bir d\u00f6n\u00fc\u015f\u00fcm: Proje okullar\u0131. <em>4. Uluslararas\u0131 Felsefe, E\u011fitim, Sanat ve Bilim Tarihi Sempozyumu Tam Metin Bildiriler Kitab\u0131 <\/em>i\u00e7inde (s. 23-38). Mu\u011fla \u00dcniversitesi.<\/p>\n<p><strong>2.<\/strong>\u00a0 Iliman P\u00fcsk\u00fcll\u00fco\u011flu, E., <strong>\u00c7olak, \u0130<\/strong>., &amp; Yorulmaz, Y. \u0130. (2021). \u00d6\u011fretmen adaylar\u0131n\u0131n e\u011fitim inan\u00e7lar\u0131, ele\u015ftirel d\u00fc\u015f\u00fcnme e\u011filimleri ve \u00f6z yeterlik inan\u00e7lar\u0131 aras\u0131ndaki ili\u015fkiler. <em>4. Uluslararas\u0131 Felsefe, E\u011fitim, Sanat ve Bilim Tarihi Sempozyumu Tam Metin Bildiriler Kitab\u0131 <\/em>i\u00e7inde (s. 1110-1118). Mu\u011fla \u00dcniversitesi.<\/p>\n<p><strong>3.<\/strong>\u00a0Yorulmaz, Y. \u0130.,<strong> \u00c7olak, \u0130.<\/strong>, &amp; Alt\u0131nkurt, Y. (2018). \u00d6\u011fretmenlerin psikolojik g\u00fc\u00e7lendirilmeleri ile \u00f6zyeterlik inan\u00e7lar\u0131 aras\u0131ndaki ili\u015fki. <em>3. Uluslararas\u0131 Felsefe, E\u011fitim, Sanat ve Bilim Tarihi Sempozyumu Tam Metin Bildiriler Kitab\u0131 <\/em>i\u00e7inde (s. 652-660). Giresun \u00dcniversitesi.<\/p>\n<p><strong>4.<\/strong>\u00a0\u00a0<strong>\u00c7olak, \u0130.<\/strong>, Yorulmaz, Y. \u0130., &amp; Ho\u015fg\u00f6r\u00fcr, V. (2018). \u00d6\u011fretmenlerin mesleki geli\u015fimine y\u00f6nelik mentorlu\u011fun TALIS raporlar\u0131 a\u00e7\u0131s\u0131ndan incelenmesi ve T\u00fcrkiye \u00f6zelinde de\u011ferlendirilmesi. <em>3. Uluslararas\u0131 Felsefe, E\u011fitim, Sanat ve Bilim Tarihi Sempozyumu Tam Metin Bildiriler Kitab\u0131 <\/em>i\u00e7inde (s. 661-676). Giresun \u00dcniversitesi.<\/p>\n","protected":false},"excerpt":{"rendered":"<p>1. \u00c7olak, \u0130., Aysel, \u0130., Yorulmaz, Y. \u0130., &amp; Alt\u0131nkurt, Y. (2021). Orta\u00f6\u011fretimde neoliberal bir d\u00f6n\u00fc\u015f\u00fcm: Proje okullar\u0131. 4. Uluslararas\u0131 Felsefe, E\u011fitim, Sanat ve Bilim Tarihi Sempozyumu Tam Metin Bildiriler Kitab\u0131 i\u00e7inde (s. 23-38). Mu\u011fla \u00dcniversitesi. 2.\u00a0 Iliman P\u00fcsk\u00fcll\u00fco\u011flu, E., \u00c7olak, \u0130., &amp; Yorulmaz, Y. \u0130. (2021). \u00d6\u011fretmen adaylar\u0131n\u0131n e\u011fitim inan\u00e7lar\u0131, ele\u015ftirel d\u00fc\u015f\u00fcnme e\u011filimleri ve [&hellip;]<\/p>\n","protected":false},"author":1,"featured_media":0,"parent":0,"menu_order":0,"comment_status":"closed","ping_status":"closed","template":"","meta":{"site-sidebar-layout":"default","site-content-layout":"","ast-site-content-layout":"default","site-content-style":"default","site-sidebar-style":"default","ast-global-header-display":"","ast-banner-title-visibility":"","ast-main-header-display":"","ast-hfb-above-header-display":"","ast-hfb-below-header-display":"","ast-hfb-mobile-header-display":"","site-post-title":"","ast-breadcrumbs-content":"","ast-featured-img":"","footer-sml-layout":"","theme-transparent-header-meta":"default","adv-header-id-meta":"","stick-header-meta":"","header-above-stick-meta":"","header-main-stick-meta":"","header-below-stick-meta":"","astra-migrate-meta-layouts":"set","ast-page-background-enabled":"default","ast-page-background-meta":{"desktop":{"background-color":"var(--ast-global-color-4)","background-image":"","background-repeat":"repeat","background-position":"center center","background-size":"auto","background-attachment":"scroll","background-type":"","background-media":"","overlay-type":"","overlay-color":"","overlay-opacity":"","overlay-gradient":""},"tablet":{"background-color":"","background-image":"","background-repeat":"repeat","background-position":"center center","background-size":"auto","background-attachment":"scroll","background-type":"","background-media":"","overlay-type":"","overlay-color":"","overlay-opacity":"","overlay-gradient":""},"mobile":{"background-color":"","background-image":"","background-repeat":"repeat","background-position":"center center","background-size":"auto","background-attachment":"scroll","background-type":"","background-media":"","overlay-type":"","overlay-color":"","overlay-opacity":"","overlay-gradient":""}},"ast-content-background-meta":{"desktop":{"background-color":"var(--ast-global-color-5)","background-image":"","background-repeat":"repeat","background-position":"center center","background-size":"auto","background-attachment":"scroll","background-type":"","background-media":"","overlay-type":"","overlay-color":"","overlay-opacity":"","overlay-gradient":""},"tablet":{"background-color":"var(--ast-global-color-5)","background-image":"","background-repeat":"repeat","background-position":"center center","background-size":"auto","background-attachment":"scroll","background-type":"","background-media":"","overlay-type":"","overlay-color":"","overlay-opacity":"","overlay-gradient":""},"mobile":{"background-color":"var(--ast-global-color-5)","background-image":"","background-repeat":"repeat","background-position":"center center","background-size":"auto","background-attachment":"scroll","background-type":"","background-media":"","overlay-type":"","overlay-color":"","overlay-opacity":"","overlay-gradient":""}},"footnotes":""},"class_list":["post-464","page","type-page","status-publish","hentry"],"_links":{"self":[{"href":"https:\/\/www.ibrahimcolak.com.tr\/index.php?rest_route=\/wp\/v2\/pages\/464","targetHints":{"allow":["GET"]}}],"collection":[{"href":"https:\/\/www.ibrahimcolak.com.tr\/index.php?rest_route=\/wp\/v2\/pages"}],"about":[{"href":"https:\/\/www.ibrahimcolak.com.tr\/index.php?rest_route=\/wp\/v2\/types\/page"}],"author":[{"embeddable":true,"href":"https:\/\/www.ibrahimcolak.com.tr\/index.php?rest_route=\/wp\/v2\/users\/1"}],"replies":[{"embeddable":true,"href":"https:\/\/www.ibrahimcolak.com.tr\/index.php?rest_route=%2Fwp%2Fv2%2Fcomments&post=464"}],"version-history":[{"count":2,"href":"https:\/\/www.ibrahimcolak.com.tr\/index.php?rest_route=\/wp\/v2\/pages\/464\/revisions"}],"predecessor-version":[{"id":466,"href":"https:\/\/www.ibrahimcolak.com.tr\/index.php?rest_route=\/wp\/v2\/pages\/464\/revisions\/466"}],"wp:attachment":[{"href":"https:\/\/www.ibrahimcolak.com.tr\/index.php?rest_route=%2Fwp%2Fv2%2Fmedia&parent=464"}],"curies":[{"name":"wp","href":"https:\/\/api.w.org\/{rel}","templated":true}]}}