{"id":479,"date":"2024-06-02T19:49:51","date_gmt":"2024-06-02T19:49:51","guid":{"rendered":"http:\/\/www.ibrahimcolak.com.tr\/?page_id=479"},"modified":"2026-01-09T19:27:02","modified_gmt":"2026-01-09T19:27:02","slug":"hakkimda","status":"publish","type":"page","link":"https:\/\/www.ibrahimcolak.com.tr\/?page_id=479","title":{"rendered":"Hakk\u0131mda"},"content":{"rendered":"<p><img loading=\"lazy\" decoding=\"async\" class=\" wp-image-480 alignleft\" src=\"http:\/\/www.ibrahimcolak.com.tr\/wp-content\/uploads\/2024\/06\/IMG_7155-scaled-e1717363005649-218x300.jpg\" alt=\"\" width=\"232\" height=\"319\" srcset=\"https:\/\/www.ibrahimcolak.com.tr\/wp-content\/uploads\/2024\/06\/IMG_7155-scaled-e1717363005649-218x300.jpg 218w, https:\/\/www.ibrahimcolak.com.tr\/wp-content\/uploads\/2024\/06\/IMG_7155-scaled-e1717363005649-746x1024.jpg 746w, https:\/\/www.ibrahimcolak.com.tr\/wp-content\/uploads\/2024\/06\/IMG_7155-scaled-e1717363005649-768x1055.jpg 768w, https:\/\/www.ibrahimcolak.com.tr\/wp-content\/uploads\/2024\/06\/IMG_7155-scaled-e1717363005649-1118x1536.jpg 1118w, https:\/\/www.ibrahimcolak.com.tr\/wp-content\/uploads\/2024\/06\/IMG_7155-scaled-e1717363005649-1491x2048.jpg 1491w, https:\/\/www.ibrahimcolak.com.tr\/wp-content\/uploads\/2024\/06\/IMG_7155-scaled-e1717363005649.jpg 1864w\" sizes=\"auto, (max-width: 232px) 100vw, 232px\" \/>1986 y\u0131l\u0131nda Tokat&#8217;\u0131n Turhal il\u00e7esinde do\u011fdum. Lisans \u00f6\u011frenimimi 2007 y\u0131l\u0131nda Samsun Ondokuzmay\u0131s \u00dcniversitesi Yabanc\u0131 Diller E\u011fitimi B\u00f6l\u00fcm\u00fc \u0130ngilizce \u00d6\u011fretmenli\u011fi Program\u0131\u2019nda tamamlad\u0131m. Mu\u011fla S\u0131tk\u0131 Ko\u00e7man \u00dcniversitesi E\u011fitim Bilimleri Enstit\u00fcs\u00fc E\u011fitim Y\u00f6netimi, Tefti\u015fi, Planlamas\u0131 ve Ekonomisi Anabilim Dal\u0131\u2019nda 2016 y\u0131l\u0131nda y\u00fcksek lisans, 2021 y\u0131l\u0131nda doktora derecesini ald\u0131m. 2007-2023 y\u0131llar\u0131 aras\u0131nda Mu\u011fla\u2019da \u0130ngilizce \u00f6\u011fretmeni olarak g\u00f6rev yapt\u0131m. 2022 y\u0131l\u0131nda uzman \u00f6\u011fretmen unvan\u0131 ald\u0131m. 2023 y\u0131l\u0131nda Trabzon \u00dcniversitesi Fatih E\u011fitim Fak\u00fcltesi E\u011fitim Y\u00f6netimi Anabilim Dal\u0131\u2019na Dr. \u00d6\u011fretim \u00dcyesi olarak atand\u0131m ve halen Trabzon \u00dcniversitesi&#8217;nde g\u00f6rev yapmaktay\u0131m. \u00a0\u00c7al\u0131\u015fma alanlar\u0131m aras\u0131nda g\u00fc\u00e7lendirici liderlik, \u00f6rg\u00fctsel davran\u0131\u015f, ele\u015ftirel e\u011fitim ve \u00f6\u011fretmen \u00f6zerkli\u011fi gibi konular yer almaktad\u0131r.<\/p>\n","protected":false},"excerpt":{"rendered":"<p>1986 y\u0131l\u0131nda Tokat&#8217;\u0131n Turhal il\u00e7esinde do\u011fdum. Lisans \u00f6\u011frenimimi 2007 y\u0131l\u0131nda Samsun Ondokuzmay\u0131s \u00dcniversitesi Yabanc\u0131 Diller E\u011fitimi B\u00f6l\u00fcm\u00fc \u0130ngilizce \u00d6\u011fretmenli\u011fi Program\u0131\u2019nda tamamlad\u0131m. Mu\u011fla S\u0131tk\u0131 Ko\u00e7man \u00dcniversitesi E\u011fitim Bilimleri Enstit\u00fcs\u00fc E\u011fitim Y\u00f6netimi, Tefti\u015fi, Planlamas\u0131 ve Ekonomisi Anabilim Dal\u0131\u2019nda 2016 y\u0131l\u0131nda y\u00fcksek lisans, 2021 y\u0131l\u0131nda doktora derecesini ald\u0131m. 2007-2023 y\u0131llar\u0131 aras\u0131nda Mu\u011fla\u2019da \u0130ngilizce \u00f6\u011fretmeni olarak g\u00f6rev yapt\u0131m. 2022 [&hellip;]<\/p>\n","protected":false},"author":1,"featured_media":0,"parent":0,"menu_order":0,"comment_status":"closed","ping_status":"closed","template":"","meta":{"site-sidebar-layout":"default","site-content-layout":"","ast-site-content-layout":"default","site-content-style":"default","site-sidebar-style":"default","ast-global-header-display":"","ast-banner-title-visibility":"","ast-main-header-display":"","ast-hfb-above-header-display":"","ast-hfb-below-header-display":"","ast-hfb-mobile-header-display":"","site-post-title":"","ast-breadcrumbs-content":"","ast-featured-img":"","footer-sml-layout":"","theme-transparent-header-meta":"default","adv-header-id-meta":"","stick-header-meta":"","header-above-stick-meta":"","header-main-stick-meta":"","header-below-stick-meta":"","astra-migrate-meta-layouts":"set","ast-page-background-enabled":"default","ast-page-background-meta":{"desktop":{"background-color":"var(--ast-global-color-4)","background-image":"","background-repeat":"repeat","background-position":"center center","background-size":"auto","background-attachment":"scroll","background-type":"","background-media":"","overlay-type":"","overlay-color":"","overlay-opacity":"","overlay-gradient":""},"tablet":{"background-color":"","background-image":"","background-repeat":"repeat","background-position":"center center","background-size":"auto","background-attachment":"scroll","background-type":"","background-media":"","overlay-type":"","overlay-color":"","overlay-opacity":"","overlay-gradient":""},"mobile":{"background-color":"","background-image":"","background-repeat":"repeat","background-position":"center center","background-size":"auto","background-attachment":"scroll","background-type":"","background-media":"","overlay-type":"","overlay-color":"","overlay-opacity":"","overlay-gradient":""}},"ast-content-background-meta":{"desktop":{"background-color":"var(--ast-global-color-5)","background-image":"","background-repeat":"repeat","background-position":"center center","background-size":"auto","background-attachment":"scroll","background-type":"","background-media":"","overlay-type":"","overlay-color":"","overlay-opacity":"","overlay-gradient":""},"tablet":{"background-color":"var(--ast-global-color-5)","background-image":"","background-repeat":"repeat","background-position":"center center","background-size":"auto","background-attachment":"scroll","background-type":"","background-media":"","overlay-type":"","overlay-color":"","overlay-opacity":"","overlay-gradient":""},"mobile":{"background-color":"var(--ast-global-color-5)","background-image":"","background-repeat":"repeat","background-position":"center center","background-size":"auto","background-attachment":"scroll","background-type":"","background-media":"","overlay-type":"","overlay-color":"","overlay-opacity":"","overlay-gradient":""}},"footnotes":""},"class_list":["post-479","page","type-page","status-publish","hentry"],"_links":{"self":[{"href":"https:\/\/www.ibrahimcolak.com.tr\/index.php?rest_route=\/wp\/v2\/pages\/479","targetHints":{"allow":["GET"]}}],"collection":[{"href":"https:\/\/www.ibrahimcolak.com.tr\/index.php?rest_route=\/wp\/v2\/pages"}],"about":[{"href":"https:\/\/www.ibrahimcolak.com.tr\/index.php?rest_route=\/wp\/v2\/types\/page"}],"author":[{"embeddable":true,"href":"https:\/\/www.ibrahimcolak.com.tr\/index.php?rest_route=\/wp\/v2\/users\/1"}],"replies":[{"embeddable":true,"href":"https:\/\/www.ibrahimcolak.com.tr\/index.php?rest_route=%2Fwp%2Fv2%2Fcomments&post=479"}],"version-history":[{"count":7,"href":"https:\/\/www.ibrahimcolak.com.tr\/index.php?rest_route=\/wp\/v2\/pages\/479\/revisions"}],"predecessor-version":[{"id":952,"href":"https:\/\/www.ibrahimcolak.com.tr\/index.php?rest_route=\/wp\/v2\/pages\/479\/revisions\/952"}],"wp:attachment":[{"href":"https:\/\/www.ibrahimcolak.com.tr\/index.php?rest_route=%2Fwp%2Fv2%2Fmedia&parent=479"}],"curies":[{"name":"wp","href":"https:\/\/api.w.org\/{rel}","templated":true}]}}