{"id":531,"date":"2024-06-02T21:19:22","date_gmt":"2024-06-02T21:19:22","guid":{"rendered":"https:\/\/www.ibrahimcolak.com.tr\/?page_id=531"},"modified":"2024-06-02T21:19:22","modified_gmt":"2024-06-02T21:19:22","slug":"etkinlikler","status":"publish","type":"page","link":"https:\/\/www.ibrahimcolak.com.tr\/?page_id=531","title":{"rendered":"Etkinlikler"},"content":{"rendered":"<p><strong>1-<\/strong> IV. Uluslararas\u0131 Felsefe, E\u011fitim, Sanat ve Bilim Tarihi Sempozyumu. <em>Sempozyum Y\u00fcr\u00fctme Kurulu \u00dcyesi. <\/em>Mu\u011fla. 14-18 Nisan 2021.<\/p>\n<p><strong>2-<\/strong> III. Uluslararas\u0131 Felsefe, E\u011fitim, Sanat ve Bilim Tarihi Sempozyumu. <em>Sempozyum Sekreteryas\u0131. <\/em>Giresun. 10-13 Ekim 2018.<\/p>\n<p><strong>3-<\/strong> II. Uluslararas\u0131 Felsefe, E\u011fitim, Sanat ve Bilim Tarihi Sempozyumu. <em>Sempozyum Sekreteryas\u0131. <\/em>Mu\u011fla. 03-07 May\u0131s 2017.<\/p>\n","protected":false},"excerpt":{"rendered":"<p>1- IV. Uluslararas\u0131 Felsefe, E\u011fitim, Sanat ve Bilim Tarihi Sempozyumu. Sempozyum Y\u00fcr\u00fctme Kurulu \u00dcyesi. Mu\u011fla. 14-18 Nisan 2021. 2- III. Uluslararas\u0131 Felsefe, E\u011fitim, Sanat ve Bilim Tarihi Sempozyumu. Sempozyum Sekreteryas\u0131. Giresun. 10-13 Ekim 2018. 3- II. Uluslararas\u0131 Felsefe, E\u011fitim, Sanat ve Bilim Tarihi Sempozyumu. Sempozyum Sekreteryas\u0131. Mu\u011fla. 03-07 May\u0131s 2017.<\/p>\n","protected":false},"author":1,"featured_media":0,"parent":0,"menu_order":0,"comment_status":"closed","ping_status":"closed","template":"","meta":{"site-sidebar-layout":"default","site-content-layout":"","ast-site-content-layout":"default","site-content-style":"default","site-sidebar-style":"default","ast-global-header-display":"","ast-banner-title-visibility":"","ast-main-header-display":"","ast-hfb-above-header-display":"","ast-hfb-below-header-display":"","ast-hfb-mobile-header-display":"","site-post-title":"","ast-breadcrumbs-content":"","ast-featured-img":"","footer-sml-layout":"","theme-transparent-header-meta":"default","adv-header-id-meta":"","stick-header-meta":"","header-above-stick-meta":"","header-main-stick-meta":"","header-below-stick-meta":"","astra-migrate-meta-layouts":"set","ast-page-background-enabled":"default","ast-page-background-meta":{"desktop":{"background-color":"var(--ast-global-color-4)","background-image":"","background-repeat":"repeat","background-position":"center center","background-size":"auto","background-attachment":"scroll","background-type":"","background-media":"","overlay-type":"","overlay-color":"","overlay-opacity":"","overlay-gradient":""},"tablet":{"background-color":"","background-image":"","background-repeat":"repeat","background-position":"center center","background-size":"auto","background-attachment":"scroll","background-type":"","background-media":"","overlay-type":"","overlay-color":"","overlay-opacity":"","overlay-gradient":""},"mobile":{"background-color":"","background-image":"","background-repeat":"repeat","background-position":"center center","background-size":"auto","background-attachment":"scroll","background-type":"","background-media":"","overlay-type":"","overlay-color":"","overlay-opacity":"","overlay-gradient":""}},"ast-content-background-meta":{"desktop":{"background-color":"var(--ast-global-color-5)","background-image":"","background-repeat":"repeat","background-position":"center center","background-size":"auto","background-attachment":"scroll","background-type":"","background-media":"","overlay-type":"","overlay-color":"","overlay-opacity":"","overlay-gradient":""},"tablet":{"background-color":"var(--ast-global-color-5)","background-image":"","background-repeat":"repeat","background-position":"center center","background-size":"auto","background-attachment":"scroll","background-type":"","background-media":"","overlay-type":"","overlay-color":"","overlay-opacity":"","overlay-gradient":""},"mobile":{"background-color":"var(--ast-global-color-5)","background-image":"","background-repeat":"repeat","background-position":"center center","background-size":"auto","background-attachment":"scroll","background-type":"","background-media":"","overlay-type":"","overlay-color":"","overlay-opacity":"","overlay-gradient":""}},"footnotes":""},"class_list":["post-531","page","type-page","status-publish","hentry"],"_links":{"self":[{"href":"https:\/\/www.ibrahimcolak.com.tr\/index.php?rest_route=\/wp\/v2\/pages\/531","targetHints":{"allow":["GET"]}}],"collection":[{"href":"https:\/\/www.ibrahimcolak.com.tr\/index.php?rest_route=\/wp\/v2\/pages"}],"about":[{"href":"https:\/\/www.ibrahimcolak.com.tr\/index.php?rest_route=\/wp\/v2\/types\/page"}],"author":[{"embeddable":true,"href":"https:\/\/www.ibrahimcolak.com.tr\/index.php?rest_route=\/wp\/v2\/users\/1"}],"replies":[{"embeddable":true,"href":"https:\/\/www.ibrahimcolak.com.tr\/index.php?rest_route=%2Fwp%2Fv2%2Fcomments&post=531"}],"version-history":[{"count":1,"href":"https:\/\/www.ibrahimcolak.com.tr\/index.php?rest_route=\/wp\/v2\/pages\/531\/revisions"}],"predecessor-version":[{"id":532,"href":"https:\/\/www.ibrahimcolak.com.tr\/index.php?rest_route=\/wp\/v2\/pages\/531\/revisions\/532"}],"wp:attachment":[{"href":"https:\/\/www.ibrahimcolak.com.tr\/index.php?rest_route=%2Fwp%2Fv2%2Fmedia&parent=531"}],"curies":[{"name":"wp","href":"https:\/\/api.w.org\/{rel}","templated":true}]}}