{"id":540,"date":"2024-06-02T21:33:41","date_gmt":"2024-06-02T21:33:41","guid":{"rendered":"https:\/\/www.ibrahimcolak.com.tr\/?page_id=540"},"modified":"2024-06-02T21:33:41","modified_gmt":"2024-06-02T21:33:41","slug":"amos-ile-dfa","status":"publish","type":"page","link":"https:\/\/www.ibrahimcolak.com.tr\/?page_id=540","title":{"rendered":"AMOS ile DFA"},"content":{"rendered":"<p>Bu videoda Amos program\u0131nda Do\u011frulay\u0131c\u0131 Fakt\u00f6r Analizinin (DFA) ad\u0131mlar\u0131 anlat\u0131lm\u0131\u015ft\u0131r. Do\u011frulay\u0131c\u0131 Fakt\u00f6r analizi geli\u015ftirilen veya uyarlanan \u00f6l\u00e7eklerin fakt\u00f6r yap\u0131lar\u0131n\u0131n do\u011frulanmas\u0131 i\u00e7in yap\u0131lmaktad\u0131r.<\/p>\n<div class=\"ast-oembed-container \" style=\"height: 100%;\"><iframe loading=\"lazy\" title=\"AMOS ile Do\u011frulay\u0131c\u0131 Fakt\u00f6r Analizi (DFA)\" width=\"500\" height=\"281\" src=\"https:\/\/www.youtube.com\/embed\/SuuAfL6klQA?feature=oembed\" frameborder=\"0\" allow=\"accelerometer; autoplay; clipboard-write; encrypted-media; gyroscope; picture-in-picture; web-share\" referrerpolicy=\"strict-origin-when-cross-origin\" allowfullscreen><\/iframe><\/div>\n","protected":false},"excerpt":{"rendered":"<p>Bu videoda Amos program\u0131nda Do\u011frulay\u0131c\u0131 Fakt\u00f6r Analizinin (DFA) ad\u0131mlar\u0131 anlat\u0131lm\u0131\u015ft\u0131r. Do\u011frulay\u0131c\u0131 Fakt\u00f6r analizi geli\u015ftirilen veya uyarlanan \u00f6l\u00e7eklerin fakt\u00f6r yap\u0131lar\u0131n\u0131n do\u011frulanmas\u0131 i\u00e7in yap\u0131lmaktad\u0131r.<\/p>\n","protected":false},"author":1,"featured_media":0,"parent":0,"menu_order":0,"comment_status":"closed","ping_status":"closed","template":"","meta":{"site-sidebar-layout":"default","site-content-layout":"","ast-site-content-layout":"default","site-content-style":"default","site-sidebar-style":"default","ast-global-header-display":"","ast-banner-title-visibility":"","ast-main-header-display":"","ast-hfb-above-header-display":"","ast-hfb-below-header-display":"","ast-hfb-mobile-header-display":"","site-post-title":"","ast-breadcrumbs-content":"","ast-featured-img":"","footer-sml-layout":"","theme-transparent-header-meta":"default","adv-header-id-meta":"","stick-header-meta":"","header-above-stick-meta":"","header-main-stick-meta":"","header-below-stick-meta":"","astra-migrate-meta-layouts":"set","ast-page-background-enabled":"default","ast-page-background-meta":{"desktop":{"background-color":"var(--ast-global-color-4)","background-image":"","background-repeat":"repeat","background-position":"center center","background-size":"auto","background-attachment":"scroll","background-type":"","background-media":"","overlay-type":"","overlay-color":"","overlay-opacity":"","overlay-gradient":""},"tablet":{"background-color":"","background-image":"","background-repeat":"repeat","background-position":"center center","background-size":"auto","background-attachment":"scroll","background-type":"","background-media":"","overlay-type":"","overlay-color":"","overlay-opacity":"","overlay-gradient":""},"mobile":{"background-color":"","background-image":"","background-repeat":"repeat","background-position":"center center","background-size":"auto","background-attachment":"scroll","background-type":"","background-media":"","overlay-type":"","overlay-color":"","overlay-opacity":"","overlay-gradient":""}},"ast-content-background-meta":{"desktop":{"background-color":"var(--ast-global-color-5)","background-image":"","background-repeat":"repeat","background-position":"center center","background-size":"auto","background-attachment":"scroll","background-type":"","background-media":"","overlay-type":"","overlay-color":"","overlay-opacity":"","overlay-gradient":""},"tablet":{"background-color":"var(--ast-global-color-5)","background-image":"","background-repeat":"repeat","background-position":"center center","background-size":"auto","background-attachment":"scroll","background-type":"","background-media":"","overlay-type":"","overlay-color":"","overlay-opacity":"","overlay-gradient":""},"mobile":{"background-color":"var(--ast-global-color-5)","background-image":"","background-repeat":"repeat","background-position":"center center","background-size":"auto","background-attachment":"scroll","background-type":"","background-media":"","overlay-type":"","overlay-color":"","overlay-opacity":"","overlay-gradient":""}},"footnotes":""},"class_list":["post-540","page","type-page","status-publish","hentry"],"_links":{"self":[{"href":"https:\/\/www.ibrahimcolak.com.tr\/index.php?rest_route=\/wp\/v2\/pages\/540","targetHints":{"allow":["GET"]}}],"collection":[{"href":"https:\/\/www.ibrahimcolak.com.tr\/index.php?rest_route=\/wp\/v2\/pages"}],"about":[{"href":"https:\/\/www.ibrahimcolak.com.tr\/index.php?rest_route=\/wp\/v2\/types\/page"}],"author":[{"embeddable":true,"href":"https:\/\/www.ibrahimcolak.com.tr\/index.php?rest_route=\/wp\/v2\/users\/1"}],"replies":[{"embeddable":true,"href":"https:\/\/www.ibrahimcolak.com.tr\/index.php?rest_route=%2Fwp%2Fv2%2Fcomments&post=540"}],"version-history":[{"count":1,"href":"https:\/\/www.ibrahimcolak.com.tr\/index.php?rest_route=\/wp\/v2\/pages\/540\/revisions"}],"predecessor-version":[{"id":541,"href":"https:\/\/www.ibrahimcolak.com.tr\/index.php?rest_route=\/wp\/v2\/pages\/540\/revisions\/541"}],"wp:attachment":[{"href":"https:\/\/www.ibrahimcolak.com.tr\/index.php?rest_route=%2Fwp%2Fv2%2Fmedia&parent=540"}],"curies":[{"name":"wp","href":"https:\/\/api.w.org\/{rel}","templated":true}]}}